{"id":329,"date":"2013-08-21T13:09:26","date_gmt":"2013-08-21T11:09:26","guid":{"rendered":"http:\/\/www.royalfilmmakers.com\/wp\/?page_id=329"},"modified":"2020-05-27T12:55:03","modified_gmt":"2020-05-27T11:55:03","slug":"unsere-kunden","status":"publish","type":"page","link":"https:\/\/www.royalfilmmakers.com\/?page_id=329","title":{"rendered":"Unsere Kunden"},"content":{"rendered":"<p><span style=\"font-size: 12pt; color: #000000;\">Zu unseren Kunden z\u00e4hlen:<\/span><\/p>\n<ul>\n<li><a href=\"https:\/\/www.br.de\/index.html\"><span style=\"font-size: 12pt;\">Bayerischer Rundfunk<\/span><\/a><\/li>\n<li><span style=\"font-size: 12pt; color: #000000;\">Bayerisches Staatsministerium f\u00fcr Bildung und Kultus, Wissenschaft und Kunst<\/span><\/li>\n<li><span style=\"font-size: 12pt; color: #000000;\"><a style=\"color: #000000;\" href=\"http:\/\/www.uni-muenchen.de\" target=\"_blank\" rel=\"noopener noreferrer\">Ludwig Maximilians Universit\u00e4t M\u00fcnchen<\/a><\/span><\/li>\n<li><span style=\"font-size: 12pt;\">Technische Universit\u00e4t M\u00fcnchen<\/span><\/li>\n<li><span style=\"font-size: 12pt;\">Universit\u00e4t Regensburg<\/span><\/li>\n<li><span style=\"font-size: 12pt; color: #000000;\"><a style=\"color: #000000;\" href=\"http:\/\/www.gemeinde-oberammergau.de\" target=\"_blank\" rel=\"noopener noreferrer\">Gemeinde Oberammergau<\/a>\u00a0\/\u00a0<a style=\"color: #000000;\" href=\"http:\/\/www.passionsspiele2010.de\" target=\"_blank\" rel=\"noopener noreferrer\">Oberammergauer Passionsspiele<\/a><\/span><\/li>\n<li><span style=\"color: #000000; font-size: 12pt;\">Staatsinstitut f\u00fcr Schulqualit\u00e4t und Bildungsforschung <a href=\"https:\/\/www.ganztag.isb.bayern.de\/themen\/\">ISB<\/a><\/span><\/li>\n<li><span style=\"font-size: 12pt; color: #000000;\"><a style=\"color: #000000;\" href=\"http:\/\/www.dla-marbach.de\/\" target=\"_blank\" rel=\"noopener noreferrer\">Deutsches Literaturarchiv Marbach<\/a><\/span><\/li>\n<li><span style=\"font-size: 12pt; color: #000000;\"><a style=\"color: #000000;\" href=\"http:\/\/www.sfsg.de\" target=\"_blank\" rel=\"noopener noreferrer\">Staatliche Feuerwehrschule Geretsried<\/a><\/span><\/li>\n<li><span style=\"font-size: 12pt; color: #000000;\">Nationalparkzentrum Bayerischer Wald &#8211;\u00a0<a style=\"color: #000000;\" href=\"http:\/\/www.nationalpark-bayerischer-wald.de\/zu_gast\/einrichtungen\/npz_lusen\/hans_eisenmann_haus\/index.htm\" target=\"_blank\" rel=\"noopener noreferrer\">Hans Eisenmann Haus<\/a>\u00a0Grafenau<\/span><\/li>\n<li><span style=\"font-size: 12pt; color: #000000;\"><a style=\"color: #000000;\" href=\"http:\/\/www.bllv.de\/\" target=\"_blank\" rel=\"noopener noreferrer\">Bayerischer Lehrer- und Lehrerinnenverband<\/a><\/span><\/li>\n<li><span style=\"font-size: 12pt;\">FWU &#8211; Institut f\u00fcr Film und Bild in Wissenschaft und Unterricht<\/span><\/li>\n<li><span style=\"font-size: 12pt;\">Focus Multimedia M\u00fcnchen<\/span><\/li>\n<\/ul>\n<ul>\n<li><span style=\"font-size: 12pt; color: #000000;\"><a style=\"color: #000000;\" href=\"http:\/\/www.pfennigparade.de\" target=\"_blank\" rel=\"noopener noreferrer\">Stiftung Pfennigparade<\/a>, M\u00fcnchen<\/span><\/li>\n<li><span style=\"font-size: 12pt; color: #000000;\"><a style=\"color: #000000;\" href=\"http:\/\/task-force-muenchen.de\/\" target=\"_blank\" rel=\"noopener noreferrer\">Task Force Clearing und Krisenintervention<\/a>, M\u00fcnchen<\/span><\/li>\n<li><span style=\"font-size: 12pt;\"><a href=\"https:\/\/zimmermann-familienberatung.de\">Zimmermann Familienberatung<\/a><\/span><\/li>\n<\/ul>\n<p><span style=\"font-size: 12pt; color: #000000;\">u.v.m.<\/span><\/p>\n","protected":false},"excerpt":{"rendered":"<p>Zu unseren Kunden z\u00e4hlen: Bayerischer Rundfunk Bayerisches Staatsministerium f\u00fcr Bildung und Kultus, Wissenschaft und Kunst Ludwig Maximilians Universit\u00e4t M\u00fcnchen Technische Universit\u00e4t M\u00fcnchen Universit\u00e4t Regensburg Gemeinde Oberammergau\u00a0\/\u00a0Oberammergauer Passionsspiele Staatsinstitut f\u00fcr Schulqualit\u00e4t und Bildungsforschung ISB Deutsches Literaturarchiv Marbach Staatliche Feuerwehrschule Geretsried Nationalparkzentrum Bayerischer Wald &#8211;\u00a0Hans Eisenmann Haus\u00a0Grafenau Bayerischer Lehrer- und Lehrerinnenverband FWU &#8211; Institut f\u00fcr Film und <a href=\"https:\/\/www.royalfilmmakers.com\/?page_id=329\">&raquo;more<\/a><\/p>\n","protected":false},"author":2,"featured_media":0,"parent":0,"menu_order":0,"comment_status":"closed","ping_status":"closed","template":"","meta":{"footnotes":""},"class_list":["post-329","page","type-page","status-publish","hentry"],"_links":{"self":[{"href":"https:\/\/www.royalfilmmakers.com\/index.php?rest_route=\/wp\/v2\/pages\/329","targetHints":{"allow":["GET"]}}],"collection":[{"href":"https:\/\/www.royalfilmmakers.com\/index.php?rest_route=\/wp\/v2\/pages"}],"about":[{"href":"https:\/\/www.royalfilmmakers.com\/index.php?rest_route=\/wp\/v2\/types\/page"}],"author":[{"embeddable":true,"href":"https:\/\/www.royalfilmmakers.com\/index.php?rest_route=\/wp\/v2\/users\/2"}],"replies":[{"embeddable":true,"href":"https:\/\/www.royalfilmmakers.com\/index.php?rest_route=%2Fwp%2Fv2%2Fcomments&post=329"}],"version-history":[{"count":17,"href":"https:\/\/www.royalfilmmakers.com\/index.php?rest_route=\/wp\/v2\/pages\/329\/revisions"}],"predecessor-version":[{"id":3896,"href":"https:\/\/www.royalfilmmakers.com\/index.php?rest_route=\/wp\/v2\/pages\/329\/revisions\/3896"}],"wp:attachment":[{"href":"https:\/\/www.royalfilmmakers.com\/index.php?rest_route=%2Fwp%2Fv2%2Fmedia&parent=329"}],"curies":[{"name":"wp","href":"https:\/\/api.w.org\/{rel}","templated":true}]}}