{"id":2526,"date":"2018-05-09T15:12:54","date_gmt":"2018-05-09T14:12:54","guid":{"rendered":"http:\/\/www.royalfilmmakers.com\/?page_id=2526"},"modified":"2018-05-09T15:13:49","modified_gmt":"2018-05-09T14:13:49","slug":"datenschutzerklarung","status":"publish","type":"page","link":"https:\/\/www.royalfilmmakers.com\/?page_id=2526","title":{"rendered":"Datenschutzerkl\u00e4rung"},"content":{"rendered":"<p><span style=\"font-size: 12pt; color: #000000;\">Verantwortliche Stelle im Sinne der Datenschutzgesetze ist:<\/span><br \/>\n<span style=\"font-size: 12pt; color: #000000;\">Johannes Rosenstein, Marsstra\u00dfe 13, 80335 M\u00fcnchen<\/span><br \/>\n<span style=\"font-size: 12pt; color: #000000;\">Ralf B\u00fccheler, Marsstra\u00dfe 13, 80335 M\u00fcnchen<\/span><br \/>\n<span style=\"font-size: 12pt; color: #000000;\">Vertreten durch: Ralf B\u00fccheler, Johannes Rosenstein<\/span><\/p>\n<h5><span style=\"font-size: 12pt; color: #000000;\">Erfassung allgemeiner Informationen<\/span><\/h5>\n<p><span style=\"font-size: 12pt; color: #000000;\">Wenn Sie auf unsere Webseite zugreifen, werden automatisch Informationen allgemeiner Natur erfasst. Diese Informationen (Server-Logfiles) beinhalten etwa die Art des Webbrowsers, das verwendete Betriebssystem, den Domainnamen Ihres Internet Service Providers und \u00c4hnliches. Hierbei handelt es sich ausschlie\u00dflich um Informationen, welche keine R\u00fcckschl\u00fcsse auf Ihre Person zulassen. Diese Informationen sind technisch notwendig, um von Ihnen angeforderte Inhalte von Webseiten korrekt auszuliefern und fallen bei Nutzung des Internets zwingend an. Anonyme Informationen dieser Art werden von uns statistisch ausgewertet, um unseren Internetauftritt und die dahinterstehende Technik zu optimieren.<\/span><\/p>\n<h5><span style=\"font-size: 12pt; color: #000000;\">L\u00f6schung bzw. Sperrung der Daten<\/span><\/h5>\n<p><span style=\"font-size: 12pt; color: #000000;\">Wir halten uns an die Grunds\u00e4tze der Datenvermeidung und Datensparsamkeit. Wir speichern Ihre personenbezogenen Daten daher nur so lange, wie dies zur Erreichung der hier genannten Zwecke erforderlich ist oder wie es die vom Gesetzgeber vorgesehenen vielf\u00e4ltigen Speicherfristen vorsehen. Nach Fortfall des jeweiligen Zweckes bzw. Ablauf dieser Fristen werden die entsprechenden Daten routinem\u00e4\u00dfig und entsprechend den gesetzlichen Vorschriften gesperrt oder gel\u00f6scht.<\/span><\/p>\n<h5><span style=\"font-size: 12pt; color: #000000;\">Verwendung von Scriptbibliotheken (Google Webfonts)<\/span><\/h5>\n<p><span style=\"font-size: 12pt; color: #000000;\">Um unsere Inhalte browser\u00fcbergreifend korrekt und grafisch ansprechend darzustellen, verwenden wir auf dieser Website Scriptbibliotheken und Schriftbibliotheken wie z. B. Google Webfonts (<a style=\"color: #000000;\" href=\"http:\/\/www.google.com\/webfonts\/\">https:\/\/www.google.com\/webfonts\/<\/a>). Google Webfonts werden zur Vermeidung mehrfachen Ladens in den Cache Ihres Browsers \u00fcbertragen. Falls der Browser die Google Webfonts nicht unterst\u00fctzt oder den Zugriff unterbindet, werden Inhalte in einer Standardschrift angezeigt.<\/span><\/p>\n<p><span style=\"font-size: 12pt; color: #000000;\">Der Aufruf von Scriptbibliotheken oder Schriftbibliotheken l\u00f6st automatisch eine Verbindung zum Betreiber der Bibliothek aus. Dabei ist es theoretisch m\u00f6glich \u2013 aktuell allerdings auch unklar ob und ggf. zu welchen Zwecken \u2013 dass Betreiber entsprechender Bibliotheken Daten erheben.<\/span><\/p>\n<p><span style=\"font-size: 12pt; color: #000000;\">Die Datenschutzrichtlinie des Bibliothekbetreibers Google finden Sie hier: <a style=\"color: #000000;\" href=\"https:\/\/www.google.com\/policies\/privacy\/\">https:\/\/www.google.com\/policies\/privacy\/<\/a><\/span><\/p>\n<h5><span style=\"font-size: 12pt; color: #000000;\">Eingebettete YouTube-Videos<\/span><\/h5>\n<p><span style=\"font-size: 12pt; color: #000000;\">Auf einigen unserer Webseiten betten wir Youtube-Videos ein. Betreiber der entsprechenden Plugins ist die YouTube, LLC, 901 Cherry Ave., San Bruno, CA 94066, USA. Wenn Sie eine Seite mit dem YouTube-Plugin besuchen, wird eine Verbindung zu Servern von Youtube hergestellt. Dabei wird Youtube mitgeteilt, welche Seiten Sie besuchen. Wenn Sie in Ihrem Youtube-Account eingeloggt sind, kann Youtube Ihr Surfverhalten Ihnen pers\u00f6nlich zuzuordnen. Dies verhindern Sie, indem Sie sich vorher aus Ihrem Youtube-Account ausloggen.<\/span><\/p>\n<p><span style=\"font-size: 12pt; color: #000000;\">Wird ein Youtube-Video gestartet, setzt der Anbieter Cookies ein, die Hinweise \u00fcber das Nutzerverhalten sammeln.<\/span><\/p>\n<p><span style=\"font-size: 12pt; color: #000000;\">Wer das Speichern von Cookies f\u00fcr das Google-Ad-Programm deaktiviert hat, wird auch beim Anschauen von Youtube-Videos mit keinen solchen Cookies rechnen m\u00fcssen. Youtube legt aber auch in anderen Cookies nicht-personenbezogene Nutzungsinformationen ab. M\u00f6chten Sie dies verhindern, so m\u00fcssen Sie das Speichern von Cookies im Browser blockieren.<\/span><\/p>\n<p><span style=\"font-size: 12pt; color: #000000;\">Weitere Informationen zum Datenschutz bei \u201eYoutube\u201c finden Sie in der Datenschutzerkl\u00e4rung des Anbieters unter: <a style=\"color: #000000;\" href=\"https:\/\/www.google.de\/intl\/de\/policies\/privacy\/\">https:\/\/www.google.de\/intl\/de\/policies\/privacy\/ <\/a><\/span><\/p>\n<h5><span style=\"font-size: 12pt; color: #000000;\"><strong>Ihre Rechte auf Auskunft, Berichtigung, Sperre, L\u00f6schung und Widerspruch<\/strong><\/span><\/h5>\n<p><span style=\"font-size: 12pt; color: #000000;\">Sie haben das Recht, jederzeit Auskunft \u00fcber Ihre bei uns gespeicherten personenbezogenen Daten zu erhalten. Ebenso haben Sie das Recht auf Berichtigung, Sperrung oder, abgesehen von der vorgeschriebenen Datenspeicherung zur Gesch\u00e4ftsabwicklung, L\u00f6schung Ihrer personenbezogenen Daten. Bitte wenden Sie sich dazu an unseren Datenschutzbeauftragten. Die Kontaktdaten finden Sie ganz unten.<\/span><\/p>\n<p><span style=\"font-size: 12pt; color: #000000;\">Damit eine Sperre von Daten jederzeit ber\u00fccksichtigt werden kann, m\u00fcssen diese Daten zu Kontrollzwecken in einer Sperrdatei vorgehalten werden. Sie k\u00f6nnen auch die L\u00f6schung der Daten verlangen, soweit keine gesetzliche Archivierungsverpflichtung besteht. Soweit eine solche Verpflichtung besteht, sperren wir Ihre Daten auf Wunsch.<\/span><\/p>\n<p><span style=\"font-size: 12pt; color: #000000;\">Sie k\u00f6nnen \u00c4nderungen oder den Widerruf einer Einwilligung durch entsprechende Mitteilung an uns mit Wirkung f\u00fcr die Zukunft vornehmen.<\/span><\/p>\n<h5><span style=\"font-size: 12pt; color: #000000;\"><strong>\u00c4nderung unserer Datenschutzbestimmungen<\/strong><\/span><\/h5>\n<p><span style=\"font-size: 12pt; color: #000000;\">Wir behalten uns vor, diese Datenschutzerkl\u00e4rung gelegentlich anzupassen, damit sie stets den aktuellen rechtlichen Anforderungen entspricht oder um \u00c4nderungen unserer Leistungen in der Datenschutzerkl\u00e4rung umzusetzen, z. B. bei der Einf\u00fchrung neuer Services. F\u00fcr Ihren erneuten Besuch gilt dann die neue Datenschutzerkl\u00e4rung.<\/span><\/p>\n<h5><span style=\"font-size: 12pt; color: #000000;\"><strong>Fragen an den Datenschutzbeauftragten<\/strong><\/span><\/h5>\n<p><span style=\"font-size: 12pt; color: #000000;\">Wenn Sie Fragen zum Datenschutz haben, schreiben Sie uns bitte eine E-Mail oder wenden Sie sich direkt an unseren Datenschutzbeauftragten:<\/span><\/p>\n<p><span style=\"font-size: 12pt; color: #000000;\">info@royalfilmmakers.com<\/span><\/p>\n<p><span style=\"font-size: 12pt; color: #000000;\"><em>Die Datenschutzerkl\u00e4rung wurde mit dem <\/em><a style=\"color: #000000;\" href=\"https:\/\/www.activemind.de\/datenschutz\/datenschutzhinweis-generator\/\" target=\"_blank\" rel=\"noopener\"><em>Datenschutzerkl\u00e4rungs-Generator der activeMind AG erstellt<\/em><\/a><em>.<\/em><\/span><\/p>\n","protected":false},"excerpt":{"rendered":"<p>Verantwortliche Stelle im Sinne der Datenschutzgesetze ist: Johannes Rosenstein, Marsstra\u00dfe 13, 80335 M\u00fcnchen Ralf B\u00fccheler, Marsstra\u00dfe 13, 80335 M\u00fcnchen Vertreten durch: Ralf B\u00fccheler, Johannes Rosenstein Erfassung allgemeiner Informationen Wenn Sie auf unsere Webseite zugreifen, werden automatisch Informationen allgemeiner Natur erfasst. Diese Informationen (Server-Logfiles) beinhalten etwa die Art des Webbrowsers, das verwendete Betriebssystem, den Domainnamen Ihres <a href=\"https:\/\/www.royalfilmmakers.com\/?page_id=2526\">&raquo;more<\/a><\/p>\n","protected":false},"author":2,"featured_media":0,"parent":0,"menu_order":0,"comment_status":"closed","ping_status":"closed","template":"","meta":{"footnotes":""},"class_list":["post-2526","page","type-page","status-publish","hentry"],"_links":{"self":[{"href":"https:\/\/www.royalfilmmakers.com\/index.php?rest_route=\/wp\/v2\/pages\/2526","targetHints":{"allow":["GET"]}}],"collection":[{"href":"https:\/\/www.royalfilmmakers.com\/index.php?rest_route=\/wp\/v2\/pages"}],"about":[{"href":"https:\/\/www.royalfilmmakers.com\/index.php?rest_route=\/wp\/v2\/types\/page"}],"author":[{"embeddable":true,"href":"https:\/\/www.royalfilmmakers.com\/index.php?rest_route=\/wp\/v2\/users\/2"}],"replies":[{"embeddable":true,"href":"https:\/\/www.royalfilmmakers.com\/index.php?rest_route=%2Fwp%2Fv2%2Fcomments&post=2526"}],"version-history":[{"count":2,"href":"https:\/\/www.royalfilmmakers.com\/index.php?rest_route=\/wp\/v2\/pages\/2526\/revisions"}],"predecessor-version":[{"id":2528,"href":"https:\/\/www.royalfilmmakers.com\/index.php?rest_route=\/wp\/v2\/pages\/2526\/revisions\/2528"}],"wp:attachment":[{"href":"https:\/\/www.royalfilmmakers.com\/index.php?rest_route=%2Fwp%2Fv2%2Fmedia&parent=2526"}],"curies":[{"name":"wp","href":"https:\/\/api.w.org\/{rel}","templated":true}]}}