{"id":134,"date":"2013-08-07T18:31:08","date_gmt":"2013-08-07T16:31:08","guid":{"rendered":"http:\/\/www.royalfilmmakers.com\/wp\/?page_id=134"},"modified":"2025-10-08T16:26:36","modified_gmt":"2025-10-08T15:26:36","slug":"guten-tag","status":"publish","type":"page","link":"https:\/\/www.royalfilmmakers.com\/","title":{"rendered":"Herzlich Willkommen!"},"content":{"rendered":"<p><span style=\"font-size: 12pt; color: #000000;\">Die Royal Filmmakers GmbH wurde von den Regisseuren Ralf B\u00fccheler und Johannes Rosenstein gegr\u00fcndet. Wir sind Teil eines gro\u00dfen Netzwerkes von freischaffenden Spezialisten und Medienschaffenden.<\/span><\/p>\n<p><span style=\"font-size: 12pt; color: #000000;\">Seit 2008 erstellen wir Dokumentationen, Imagefilme und Bildungsfilme f\u00fcr Kino und Fernsehen, f\u00fcr Universit\u00e4ten, Verb\u00e4nde, Museen und andere Einrichtungen. <\/span><span style=\"font-size: 12pt; color: #000000;\">Als Teil der <a style=\"color: #000000;\" href=\"http:\/\/www.mars13.de\" target=\"_blank\" rel=\"noopener noreferrer\">mars13studios <\/a>direkt am M\u00fcnchner Hauptbahnhof decken wir jeden Schritt der Filmherstellung ab: Recherche, Buch, Produktionsvorbereitung, Regie, Dreh, Schnitt und Montage, schlie\u00dflich Compositing, Tonmischung, Grading u.v.m.: Alles unter einem Dach.<\/span><\/p>\n<p><span style=\"font-size: 12pt; color: #000000;\">Royal Filmmakers GmbH<\/span><br \/>\n<span style=\"font-size: 12pt; color: #000000;\">Marsstra\u00dfe 13 RGb | 80335 M\u00fcnchen<\/span><br \/>\n<span style=\"font-size: 12pt; color: #000000;\">Tel. +49 89 5445 9980 | info(at)royalfilmmakers.com<\/span><\/p>\n","protected":false},"excerpt":{"rendered":"<p>Die Royal Filmmakers GmbH wurde von den Regisseuren Ralf B\u00fccheler und Johannes Rosenstein gegr\u00fcndet. Wir sind Teil eines gro\u00dfen Netzwerkes von freischaffenden Spezialisten und Medienschaffenden. Seit 2008 erstellen wir Dokumentationen, Imagefilme und Bildungsfilme f\u00fcr Kino und Fernsehen, f\u00fcr Universit\u00e4ten, Verb\u00e4nde, Museen und andere Einrichtungen. Als Teil der mars13studios direkt am M\u00fcnchner Hauptbahnhof decken wir jeden <a href=\"https:\/\/www.royalfilmmakers.com\/\">&raquo;more<\/a><\/p>\n","protected":false},"author":2,"featured_media":0,"parent":0,"menu_order":0,"comment_status":"closed","ping_status":"closed","template":"","meta":{"footnotes":""},"class_list":["post-134","page","type-page","status-publish","hentry"],"_links":{"self":[{"href":"https:\/\/www.royalfilmmakers.com\/index.php?rest_route=\/wp\/v2\/pages\/134","targetHints":{"allow":["GET"]}}],"collection":[{"href":"https:\/\/www.royalfilmmakers.com\/index.php?rest_route=\/wp\/v2\/pages"}],"about":[{"href":"https:\/\/www.royalfilmmakers.com\/index.php?rest_route=\/wp\/v2\/types\/page"}],"author":[{"embeddable":true,"href":"https:\/\/www.royalfilmmakers.com\/index.php?rest_route=\/wp\/v2\/users\/2"}],"replies":[{"embeddable":true,"href":"https:\/\/www.royalfilmmakers.com\/index.php?rest_route=%2Fwp%2Fv2%2Fcomments&post=134"}],"version-history":[{"count":37,"href":"https:\/\/www.royalfilmmakers.com\/index.php?rest_route=\/wp\/v2\/pages\/134\/revisions"}],"predecessor-version":[{"id":4938,"href":"https:\/\/www.royalfilmmakers.com\/index.php?rest_route=\/wp\/v2\/pages\/134\/revisions\/4938"}],"wp:attachment":[{"href":"https:\/\/www.royalfilmmakers.com\/index.php?rest_route=%2Fwp%2Fv2%2Fmedia&parent=134"}],"curies":[{"name":"wp","href":"https:\/\/api.w.org\/{rel}","templated":true}]}}